{"id":11,"date":"2014-09-28T21:55:24","date_gmt":"2014-09-28T21:55:24","guid":{"rendered":"http:\/\/suicidevoluntary.alekscuracsaric.me\/?page_id=11"},"modified":"2020-04-14T23:37:16","modified_gmt":"2020-04-14T23:37:16","slug":"about","status":"publish","type":"page","link":"https:\/\/suicidevoluntary.aleks.lol\/index.php\/about\/","title":{"rendered":"About"},"content":{"rendered":"<body><p>Iza naslova <strong><em>Suicide Voluntary<\/em><\/strong> stoji <strong>C.S. Aleks<\/strong>, (punim imenom:\u00a0Aleksandar Curac Saric) koji koristi SV blog najvi\u0161e kao kreativni ventil. Aleksov uspjeh u pisanju je vi\u0161estruk. Od jedinstvenog postignu\u0107a\u00a0kada je 2015. <a href=\"https:\/\/medium.com\/@AleksCuracSaric\/kako-sam-postao-ghostwriter-za-hollywoodski-film-a48fa18ee5bc#.lun09l4t8\" target=\"_blank\" rel=\"noopener noreferrer\">postao ghostwriter<\/a> za produkcijsku ku\u0107u u Hollywoodu do raznih postignu\u0107a koje je ostavio kao copywriter za mnoge agencije u Hrvatskoj i diljem Europe.<\/p>\n<p>Aleksove usluge uvijek su dostupne i za njih se mo\u017eete raspitati putem ove <a href=\"https:\/\/aleks.lol\/kontakt\/\" target=\"_blank\" rel=\"noopener noreferrer\">kontakt forme<\/a>.<\/p>\n<p><em>DISCLAIMER: ako \u017eelite saznati iz koje godine je pri\u010da kliknite na naslov odre\u0111ene i pri dnu je godina kada je stvorena.<\/em><\/p>\n<p>\u2014\u2014\u2014\u2014\u2014\u2014<\/p>\n<p>Behind the stories of <em><strong>Suicide Voluntary<\/strong> <\/em>lies a single author <strong>C.S. Aleks<\/strong> (full name Aleksandar Curac Saric) who uses the SV pages as a creative outlet. Aleks\u2019 success as a writer is manyfold. From the unique acomplishment in <a href=\"https:\/\/medium.com\/@AleksCuracSaric\/how-i-became-a-ghostwriter-for-a-hollywood-movie-b33b0094b568#.2sq0m1k3l\">becoming a ghostwriter<\/a> for a Hollywood based production company to numerous success stories being a copywriter for many Croatian and Eupore based agencies.<\/p>\n<p>Aleks\u2019 talent is always available for hire so feel free to contact him using <a href=\"https:\/\/aleks.lol\/kontakt\/\" target=\"_blank\" rel=\"noopener noreferrer\">this form<\/a>.<\/p>\n<p><em>DISCLAIMER: if you want to find out from which year a particular story is, click the year tag on any specific story.<\/em><\/p>\n<\/body>","protected":false},"excerpt":{"rendered":"<p>Iza naslova Suicide Voluntary stoji C.S. Aleks, (punim imenom:\u00a0Aleksandar Curac Saric) koji koristi SV blog najvi\u0161e kao kreativni ventil. Aleksov uspjeh u pisanju je vi\u0161estruk. Od jedinstvenog postignu\u0107a\u00a0kada je 2015. postao ghostwriter za produkcijsku ku\u0107u u Hollywoodu do raznih postignu\u0107a koje je ostavio kao copywriter za mnoge agencije u Hrvatskoj i diljem Europe. Aleksove usluge <a class=\"read-more\" href=\"https:\/\/suicidevoluntary.aleks.lol\/index.php\/about\/\">&hellip;&nbsp;<span class=\"meta-nav\">&rarr;<\/span><\/a><\/p>\n","protected":false},"author":1,"featured_media":0,"parent":0,"menu_order":0,"comment_status":"closed","ping_status":"closed","template":"","meta":{"om_disable_all_campaigns":false,"_monsterinsights_skip_tracking":false,"_monsterinsights_sitenote_active":false,"_monsterinsights_sitenote_note":"","_monsterinsights_sitenote_category":0,"footnotes":""},"class_list":["post-11","page","type-page","status-publish","hentry"],"_links":{"self":[{"href":"https:\/\/suicidevoluntary.aleks.lol\/index.php\/wp-json\/wp\/v2\/pages\/11","targetHints":{"allow":["GET"]}}],"collection":[{"href":"https:\/\/suicidevoluntary.aleks.lol\/index.php\/wp-json\/wp\/v2\/pages"}],"about":[{"href":"https:\/\/suicidevoluntary.aleks.lol\/index.php\/wp-json\/wp\/v2\/types\/page"}],"author":[{"embeddable":true,"href":"https:\/\/suicidevoluntary.aleks.lol\/index.php\/wp-json\/wp\/v2\/users\/1"}],"replies":[{"embeddable":true,"href":"https:\/\/suicidevoluntary.aleks.lol\/index.php\/wp-json\/wp\/v2\/comments?post=11"}],"version-history":[{"count":1,"href":"https:\/\/suicidevoluntary.aleks.lol\/index.php\/wp-json\/wp\/v2\/pages\/11\/revisions"}],"predecessor-version":[{"id":673,"href":"https:\/\/suicidevoluntary.aleks.lol\/index.php\/wp-json\/wp\/v2\/pages\/11\/revisions\/673"}],"wp:attachment":[{"href":"https:\/\/suicidevoluntary.aleks.lol\/index.php\/wp-json\/wp\/v2\/media?parent=11"}],"curies":[{"name":"wp","href":"https:\/\/api.w.org\/{rel}","templated":true}]}}